{"id":219,"date":"2026-02-13T17:29:33","date_gmt":"2026-02-13T16:29:33","guid":{"rendered":"https:\/\/tier.com.pl\/?page_id=219"},"modified":"2026-02-13T18:22:35","modified_gmt":"2026-02-13T17:22:35","slug":"poziomy-zaawansowania","status":"publish","type":"page","link":"https:\/\/tier.com.pl\/?page_id=219","title":{"rendered":"Poziomy zaawansowania"},"content":{"rendered":"\n<p>By zaanga\u017cowa\u0107 naszym klubowicz\u00f3w oraz uatrakcyjni\u0107 ka\u017cde nasze spotkanie, wprowadzili\u015bmy trzy poziomy uczestnictwa w naszej zabawie. Ka\u017cdy poziom wymaga innego wyzwania i zdobywania piecz\u0105tek.<\/p>\n\n\n\n<h2 class=\"wp-block-heading\">Rekrut plansz\u00f3wkowy<\/h2>\n\n\n\n<p>Pierwszym poziomem dla ka\u017cdego nowego planszowego klubowicza jest statut &#8222;rekruta planszowego&#8221;<br>W tym celu ka\u017cdy uczestnik otrzymuje legitymacj\u0119 w kolorze niebieskim, kt\u00f3ra pozwala na zdobywanie piecz\u0105tek za konkretne wyzwania.<\/p>\n\n\n\n<div class=\"wp-block-columns is-layout-flex wp-container-core-columns-is-layout-28f84493 wp-block-columns-is-layout-flex\">\n<div class=\"wp-block-column is-layout-flow wp-block-column-is-layout-flow\" style=\"flex-basis:66.66%\">\n<figure class=\"wp-block-image size-full\"><img loading=\"lazy\" decoding=\"async\" width=\"600\" height=\"375\" src=\"https:\/\/tier.com.pl\/wp-content\/uploads\/2026\/02\/rekrut_planszowkowy.webp\" alt=\"\" class=\"wp-image-220\" srcset=\"https:\/\/tier.com.pl\/wp-content\/uploads\/2026\/02\/rekrut_planszowkowy.webp 600w, https:\/\/tier.com.pl\/wp-content\/uploads\/2026\/02\/rekrut_planszowkowy-300x188.webp 300w\" sizes=\"auto, (max-width: 600px) 100vw, 600px\" \/><\/figure>\n<\/div>\n\n\n\n<div class=\"wp-block-column is-layout-flow wp-block-column-is-layout-flow\" style=\"flex-basis:33.33%\">\n<div class=\"wp-block-columns is-layout-flex wp-container-core-columns-is-layout-28f84493 wp-block-columns-is-layout-flex\">\n<div class=\"wp-block-column is-layout-flow wp-block-column-is-layout-flow\">\n<div class=\"wp-block-columns is-layout-flex wp-container-core-columns-is-layout-28f84493 wp-block-columns-is-layout-flex\">\n<div class=\"wp-block-column is-layout-flow wp-block-column-is-layout-flow\">\n<p><strong>\u017beby przej\u015b\u0107 do nast\u0119pnego etapu rekrut musi nazbiera\u0107 6 piecz\u0105tek<\/strong>, kt\u00f3re otrzymuje za poni\u017csze wyzwania:<\/p>\n<\/div>\n<\/div>\n<\/div>\n<\/div>\n\n\n\n<ul class=\"wp-block-list\">\n<li>Piecz\u0105tka za ka\u017cd\u0105 nowo poznan\u0105 gr\u0119,<\/li>\n\n\n\n<li>Piecz\u0105tka za ka\u017cd\u0105 obecno\u015b\u0107 na naszym wtorkowym spotkaniu planszowym.<\/li>\n<\/ul>\n<\/div>\n<\/div>\n\n\n\n<h2 class=\"wp-block-heading\">Mi\u0142o\u015bnik plansz\u00f3wek<\/h2>\n\n\n\n<p>Drugi poziom nagradzany jest now\u0105 czerwona legitymacj\u0105, kt\u00f3ra nadaje nowy tytu\u0142 &#8222;Mi\u0142o\u015bnik Plansz\u00f3wek&#8221;.<br>Kolejne wyzwanie czekaj\u0105 na posiadacza takiej legitymacji, wi\u0119c do ostatecznego poziomu jest ju\u017c bardzo blisko.  <\/p>\n\n\n\n<div class=\"wp-block-columns is-layout-flex wp-container-core-columns-is-layout-28f84493 wp-block-columns-is-layout-flex\">\n<div class=\"wp-block-column is-layout-flow wp-block-column-is-layout-flow\" style=\"flex-basis:66.66%\">\n<figure class=\"wp-block-image size-full\"><img loading=\"lazy\" decoding=\"async\" width=\"600\" height=\"375\" src=\"https:\/\/tier.com.pl\/wp-content\/uploads\/2026\/02\/milosnik_planszowek.webp\" alt=\"\" class=\"wp-image-225\" srcset=\"https:\/\/tier.com.pl\/wp-content\/uploads\/2026\/02\/milosnik_planszowek.webp 600w, https:\/\/tier.com.pl\/wp-content\/uploads\/2026\/02\/milosnik_planszowek-300x188.webp 300w\" sizes=\"auto, (max-width: 600px) 100vw, 600px\" \/><\/figure>\n<\/div>\n\n\n\n<div class=\"wp-block-column is-layout-flow wp-block-column-is-layout-flow\" style=\"flex-basis:33.33%\">\n<div class=\"wp-block-columns is-layout-flex wp-container-core-columns-is-layout-28f84493 wp-block-columns-is-layout-flex\">\n<div class=\"wp-block-column is-layout-flow wp-block-column-is-layout-flow\">\n<div class=\"wp-block-columns is-layout-flex wp-container-core-columns-is-layout-28f84493 wp-block-columns-is-layout-flex\">\n<div class=\"wp-block-column is-layout-flow wp-block-column-is-layout-flow\">\n<p><strong>\u017beby przej\u015b\u0107 do nast\u0119pnego etapu rekrut musi nazbiera\u0107 6 piecz\u0105tek<\/strong>, kt\u00f3re otrzymuje za poni\u017csze wyzwania:<\/p>\n<\/div>\n<\/div>\n<\/div>\n<\/div>\n\n\n\n<ul class=\"wp-block-list\">\n<li>Piecz\u0105tka za ka\u017cd\u0105 nowo poznan\u0105 gr\u0119,<\/li>\n\n\n\n<li>Piecz\u0105tka za ka\u017cd\u0105 obecno\u015b\u0107 na naszym wtorkowym spotkaniu planszowym.<\/li>\n<\/ul>\n<\/div>\n<\/div>\n\n\n\n<h2 class=\"wp-block-heading\">Adrmira\u0142 plansz\u00f3wek<\/h2>\n\n\n\n<p>Ten poziom to ju\u017c nie przelewki, daje daje niez\u0142y splendor no i oczywi\u015bcie najprawdziwsz\u0105 plastikow\u0105 profesjonaln\u0105 legitymacje na smyczy. Wcze\u015bniej uczestnik musi wybra\u0107 swoj\u0105 &#8222;ksywk\u0119&#8221; i stworzy\u0107 razem z organizatorami Avatara AI, kt\u00f3ry dumnie b\u0119dzie ozdabia\u0142 tak\u0105 legitymacj\u0119.<br>Ale to nie koniec zabawy, ju\u017c wkr\u00f3tce pojawi\u0105 si\u0119 nowe wyzwania i osi\u0105gni\u0119cia.<\/p>\n\n\n\n<div class=\"wp-block-columns is-layout-flex wp-container-core-columns-is-layout-28f84493 wp-block-columns-is-layout-flex\">\n<div class=\"wp-block-column is-layout-flow wp-block-column-is-layout-flow\" style=\"flex-basis:66.66%\">\n<figure class=\"wp-block-image size-full\"><img loading=\"lazy\" decoding=\"async\" width=\"600\" height=\"367\" src=\"https:\/\/tier.com.pl\/wp-content\/uploads\/2026\/02\/admiral-planszowek-Darek-awers-1.webp\" alt=\"\" class=\"wp-image-233\" srcset=\"https:\/\/tier.com.pl\/wp-content\/uploads\/2026\/02\/admiral-planszowek-Darek-awers-1.webp 600w, https:\/\/tier.com.pl\/wp-content\/uploads\/2026\/02\/admiral-planszowek-Darek-awers-1-300x184.webp 300w\" sizes=\"auto, (max-width: 600px) 100vw, 600px\" \/><\/figure>\n<\/div>\n\n\n\n<div class=\"wp-block-column is-layout-flow wp-block-column-is-layout-flow\" style=\"flex-basis:33.33%\">\n<div class=\"wp-block-columns is-layout-flex wp-container-core-columns-is-layout-28f84493 wp-block-columns-is-layout-flex\">\n<div class=\"wp-block-column is-layout-flow wp-block-column-is-layout-flow\">\n<div class=\"wp-block-columns is-layout-flex wp-container-core-columns-is-layout-28f84493 wp-block-columns-is-layout-flex\">\n<div class=\"wp-block-column is-layout-flow wp-block-column-is-layout-flow\">\n<p>Ta jest legitymacja jednego z organizator\u00f3w , ale ty mo\u017cesz mie\u0107 tak\u0105 sam\u0105 dla siebie.Przyjd\u017a i prze\u017cyj swoja przygod\u0119 razem z nami.<\/p>\n<\/div>\n<\/div>\n<\/div>\n<\/div>\n<\/div>\n<\/div>\n\n\n\n<h2 class=\"wp-block-heading\">Nowe wyzwania<\/h2>\n\n\n\n<p>Jak Wam si\u0119 podoba nasz pomys\u0142 z legitymacjami ? Zapraszamy na facebooka, gdzie mo\u017cecie si\u0119 podzieli\u0107 swoimi opiniami. Planujemy wi\u0119cej wyzwa\u0144 i atrakcji, czekamy na wasze propozycje.<\/p>\n\n\n\n<p>Wasz plansz\u00f3wkowy Admira\u0142<\/p>\n","protected":false},"excerpt":{"rendered":"<p>By zaanga\u017cowa\u0107 naszym klubowicz\u00f3w oraz uatrakcyjni\u0107 ka\u017cde nasze spotkanie, wprowadzili\u015bmy trzy poziomy uczestnictwa w naszej zabawie. Ka\u017cdy poziom wymaga innego wyzwania i zdobywania piecz\u0105tek. Rekrut plansz\u00f3wkowy Pierwszym poziomem dla ka\u017cdego nowego planszowego klubowicza jest statut &#8222;rekruta planszowego&#8221;W tym celu ka\u017cdy uczestnik otrzymuje legitymacj\u0119 w kolorze niebieskim, kt\u00f3ra pozwala na zdobywanie piecz\u0105tek za konkretne wyzwania. \u017beby [&hellip;]<\/p>\n","protected":false},"author":1,"featured_media":0,"parent":0,"menu_order":0,"comment_status":"closed","ping_status":"closed","template":"","meta":{"footnotes":""},"class_list":["post-219","page","type-page","status-publish","hentry"],"blocksy_meta":[],"_links":{"self":[{"href":"https:\/\/tier.com.pl\/index.php?rest_route=\/wp\/v2\/pages\/219","targetHints":{"allow":["GET"]}}],"collection":[{"href":"https:\/\/tier.com.pl\/index.php?rest_route=\/wp\/v2\/pages"}],"about":[{"href":"https:\/\/tier.com.pl\/index.php?rest_route=\/wp\/v2\/types\/page"}],"author":[{"embeddable":true,"href":"https:\/\/tier.com.pl\/index.php?rest_route=\/wp\/v2\/users\/1"}],"replies":[{"embeddable":true,"href":"https:\/\/tier.com.pl\/index.php?rest_route=%2Fwp%2Fv2%2Fcomments&post=219"}],"version-history":[{"count":6,"href":"https:\/\/tier.com.pl\/index.php?rest_route=\/wp\/v2\/pages\/219\/revisions"}],"predecessor-version":[{"id":243,"href":"https:\/\/tier.com.pl\/index.php?rest_route=\/wp\/v2\/pages\/219\/revisions\/243"}],"wp:attachment":[{"href":"https:\/\/tier.com.pl\/index.php?rest_route=%2Fwp%2Fv2%2Fmedia&parent=219"}],"curies":[{"name":"wp","href":"https:\/\/api.w.org\/{rel}","templated":true}]}}