{"id":19,"date":"2026-02-05T15:18:28","date_gmt":"2026-02-05T14:18:28","guid":{"rendered":"http:\/\/tier.com.pl\/?page_id=19"},"modified":"2026-02-13T16:34:25","modified_gmt":"2026-02-13T15:34:25","slug":"klub-planszowkowy","status":"publish","type":"page","link":"https:\/\/tier.com.pl\/?page_id=19","title":{"rendered":"Klub plansz\u00f3wkowy"},"content":{"rendered":"\n<div class=\"wp-block-columns is-layout-flex wp-container-core-columns-is-layout-28f84493 wp-block-columns-is-layout-flex\">\n<div class=\"wp-block-column is-layout-flow wp-block-column-is-layout-flow\" style=\"flex-basis:33.33%\">\n<figure class=\"wp-block-image size-large is-resized\"><img loading=\"lazy\" decoding=\"async\" width=\"1024\" height=\"937\" src=\"https:\/\/tier.com.pl\/wp-content\/uploads\/2026\/02\/szkolny_klub_planszowkowy_logo-1024x937.jpg\" alt=\"\" class=\"wp-image-30\" style=\"aspect-ratio:1.0928822178939799;width:188px;height:auto\" srcset=\"https:\/\/tier.com.pl\/wp-content\/uploads\/2026\/02\/szkolny_klub_planszowkowy_logo-1024x937.jpg 1024w, https:\/\/tier.com.pl\/wp-content\/uploads\/2026\/02\/szkolny_klub_planszowkowy_logo-300x274.jpg 300w, https:\/\/tier.com.pl\/wp-content\/uploads\/2026\/02\/szkolny_klub_planszowkowy_logo-768x703.jpg 768w, https:\/\/tier.com.pl\/wp-content\/uploads\/2026\/02\/szkolny_klub_planszowkowy_logo.jpg 1103w\" sizes=\"auto, (max-width: 1024px) 100vw, 1024px\" \/><\/figure>\n<\/div>\n\n\n\n<div class=\"wp-block-column is-layout-flow wp-block-column-is-layout-flow\" style=\"flex-basis:66.66%\">\n<h2 class=\"wp-block-heading alignwide has-text-align-left\">Witamy w naszej grupie graj\u0105cych w plansz\u00f3wki. Jest nas ju\u017c du\u017co ale czekamy jeszcze na Ciebie !!!<\/h2>\n<\/div>\n<\/div>\n\n\n\n<pre class=\"wp-block-preformatted\">W ka\u017cdy wtorek o godzinie 17.00 (za wyj\u0105tkiem \u015bwi\u0105t i dni wolnych od szko\u0142y np. ferie) spotykamy si\u0119 w szkole podstawowej nr 33 w Katowicach i gramy przez oko\u0142o 2 do 2,5 godziny.<\/pre>\n\n\n\n<pre class=\"wp-block-preformatted\">Mamy oczywi\u015bcie sw\u00f3j regulamin i ustalone z g\u00f3ry zasady, ale najwa\u017cniejsze by si\u0119 wsp\u00f3lnie bawi\u0107 i uczy\u0107 poprzez zabaw\u0119.<\/pre>\n\n\n\n<p><\/p>\n\n\n\n<details class=\"wp-block-details has-medium-font-size is-layout-flow wp-block-details-is-layout-flow\"><summary><strong>Nasze zasady s\u0105 bardzo proste (kliknij by rozwin\u0105\u0107).<\/strong><\/summary>\n<div class=\"wp-block-columns alignwide is-not-stacked-on-mobile has-base-3-background-color has-background has-small-font-size is-layout-flex wp-container-core-columns-is-layout-28f84493 wp-block-columns-is-layout-flex\">\n<div class=\"wp-block-column is-layout-flow wp-block-column-is-layout-flow\" style=\"flex-basis:33.33%\">\n<figure class=\"wp-block-image aligncenter size-full is-resized\"><img loading=\"lazy\" decoding=\"async\" width=\"290\" height=\"290\" src=\"https:\/\/tier.com.pl\/wp-content\/uploads\/2026\/02\/ikona1.webp\" alt=\"\" class=\"wp-image-70\" style=\"width:160px;height:auto\" srcset=\"https:\/\/tier.com.pl\/wp-content\/uploads\/2026\/02\/ikona1.webp 290w, https:\/\/tier.com.pl\/wp-content\/uploads\/2026\/02\/ikona1-150x150.webp 150w\" sizes=\"auto, (max-width: 290px) 100vw, 290px\" \/><\/figure>\n<\/div>\n\n\n\n<div class=\"wp-block-column is-vertically-aligned-center is-layout-flow wp-block-column-is-layout-flow\" style=\"flex-basis:66.67%\">\n<pre class=\"wp-block-preformatted has-base-3-color has-accent-background-color has-text-color has-background has-link-color has-large-font-size wp-elements-16c14ac0d67295e44ee54caedb5f9efd\"><strong>Na przegran\u0105 z nerwami<br>walczymy u\u015bmiechami .<\/strong><\/pre>\n<\/div>\n<\/div>\n\n\n\n<div class=\"wp-block-columns alignwide is-not-stacked-on-mobile has-base-3-background-color has-background has-small-font-size is-layout-flex wp-container-core-columns-is-layout-28f84493 wp-block-columns-is-layout-flex\">\n<div class=\"wp-block-column is-layout-flow wp-block-column-is-layout-flow\" style=\"flex-basis:33.33%\">\n<figure class=\"wp-block-image aligncenter size-full is-resized\"><img loading=\"lazy\" decoding=\"async\" width=\"290\" height=\"290\" src=\"https:\/\/tier.com.pl\/wp-content\/uploads\/2026\/02\/ikona2.webp\" alt=\"\" class=\"wp-image-79\" style=\"width:160px;height:auto\" srcset=\"https:\/\/tier.com.pl\/wp-content\/uploads\/2026\/02\/ikona2.webp 290w, https:\/\/tier.com.pl\/wp-content\/uploads\/2026\/02\/ikona2-150x150.webp 150w\" sizes=\"auto, (max-width: 290px) 100vw, 290px\" \/><\/figure>\n<\/div>\n\n\n\n<div class=\"wp-block-column is-vertically-aligned-center is-layout-flow wp-block-column-is-layout-flow\" style=\"flex-basis:66.67%\">\n<pre class=\"wp-block-preformatted has-base-3-color has-accent-background-color has-text-color has-background has-link-color has-large-font-size wp-elements-70d1fae551ac45c3fc7c1594623cc57e\"><strong>Gdy w grze problemy mamy<br>zawsze sobie pomagamy.<\/strong><\/pre>\n<\/div>\n<\/div>\n\n\n\n<div class=\"wp-block-columns alignwide is-not-stacked-on-mobile has-base-3-background-color has-background has-small-font-size is-layout-flex wp-container-core-columns-is-layout-28f84493 wp-block-columns-is-layout-flex\">\n<div class=\"wp-block-column is-layout-flow wp-block-column-is-layout-flow\" style=\"flex-basis:33.33%\">\n<figure class=\"wp-block-image aligncenter size-full is-resized\"><img loading=\"lazy\" decoding=\"async\" width=\"290\" height=\"290\" src=\"https:\/\/tier.com.pl\/wp-content\/uploads\/2026\/02\/ikona3.webp\" alt=\"\" class=\"wp-image-80\" style=\"width:160px;height:auto\" srcset=\"https:\/\/tier.com.pl\/wp-content\/uploads\/2026\/02\/ikona3.webp 290w, https:\/\/tier.com.pl\/wp-content\/uploads\/2026\/02\/ikona3-150x150.webp 150w\" sizes=\"auto, (max-width: 290px) 100vw, 290px\" \/><\/figure>\n<\/div>\n\n\n\n<div class=\"wp-block-column is-vertically-aligned-center is-layout-flow wp-block-column-is-layout-flow\" style=\"flex-basis:66.67%\">\n<pre class=\"wp-block-preformatted has-base-3-color has-accent-background-color has-text-color has-background has-link-color has-large-font-size wp-elements-d8546df94aaf7e832b4dc544d6b1d80c\"><strong>Szanowanie gry i po grze sprz\u0105tanie, jest r\u00f3wnie wa\u017cne jak samo granie.<\/strong><\/pre>\n<\/div>\n<\/div>\n<\/details>\n\n\n\n<h3 class=\"wp-block-heading\"><strong>O to kilka naszych ulubionych plansz\u00f3wek.<\/strong><\/h3>\n\n\n\n<figure class=\"wp-block-gallery has-nested-images columns-default is-cropped wp-block-gallery-1 is-layout-flex wp-block-gallery-is-layout-flex\">\n<figure class=\"wp-block-image size-large\"><img loading=\"lazy\" decoding=\"async\" width=\"500\" height=\"500\" data-id=\"95\" src=\"https:\/\/tier.com.pl\/wp-content\/uploads\/2026\/02\/dice_thron.webp\" alt=\"\" class=\"wp-image-95\" srcset=\"https:\/\/tier.com.pl\/wp-content\/uploads\/2026\/02\/dice_thron.webp 500w, https:\/\/tier.com.pl\/wp-content\/uploads\/2026\/02\/dice_thron-300x300.webp 300w, https:\/\/tier.com.pl\/wp-content\/uploads\/2026\/02\/dice_thron-150x150.webp 150w\" sizes=\"auto, (max-width: 500px) 100vw, 500px\" \/><\/figure>\n\n\n\n<figure class=\"wp-block-image size-large\"><img loading=\"lazy\" decoding=\"async\" width=\"500\" height=\"500\" data-id=\"96\" src=\"https:\/\/tier.com.pl\/wp-content\/uploads\/2026\/02\/kto_to_zrobil.webp\" alt=\"\" class=\"wp-image-96\" srcset=\"https:\/\/tier.com.pl\/wp-content\/uploads\/2026\/02\/kto_to_zrobil.webp 500w, https:\/\/tier.com.pl\/wp-content\/uploads\/2026\/02\/kto_to_zrobil-300x300.webp 300w, https:\/\/tier.com.pl\/wp-content\/uploads\/2026\/02\/kto_to_zrobil-150x150.webp 150w\" sizes=\"auto, (max-width: 500px) 100vw, 500px\" \/><\/figure>\n\n\n\n<figure class=\"wp-block-image size-large\"><img loading=\"lazy\" decoding=\"async\" width=\"500\" height=\"500\" data-id=\"97\" src=\"https:\/\/tier.com.pl\/wp-content\/uploads\/2026\/02\/La_ceunta.webp\" alt=\"\" class=\"wp-image-97\" srcset=\"https:\/\/tier.com.pl\/wp-content\/uploads\/2026\/02\/La_ceunta.webp 500w, https:\/\/tier.com.pl\/wp-content\/uploads\/2026\/02\/La_ceunta-300x300.webp 300w, https:\/\/tier.com.pl\/wp-content\/uploads\/2026\/02\/La_ceunta-150x150.webp 150w\" sizes=\"auto, (max-width: 500px) 100vw, 500px\" \/><\/figure>\n\n\n\n<figure class=\"wp-block-image size-large\"><img loading=\"lazy\" decoding=\"async\" width=\"500\" height=\"500\" data-id=\"98\" src=\"https:\/\/tier.com.pl\/wp-content\/uploads\/2026\/02\/laser_speed_arena.webp\" alt=\"\" class=\"wp-image-98\" srcset=\"https:\/\/tier.com.pl\/wp-content\/uploads\/2026\/02\/laser_speed_arena.webp 500w, https:\/\/tier.com.pl\/wp-content\/uploads\/2026\/02\/laser_speed_arena-300x300.webp 300w, https:\/\/tier.com.pl\/wp-content\/uploads\/2026\/02\/laser_speed_arena-150x150.webp 150w\" sizes=\"auto, (max-width: 500px) 100vw, 500px\" \/><\/figure>\n\n\n\n<figure class=\"wp-block-image size-large\"><img loading=\"lazy\" decoding=\"async\" width=\"500\" height=\"500\" data-id=\"99\" src=\"https:\/\/tier.com.pl\/wp-content\/uploads\/2026\/02\/muminki.webp\" alt=\"\" class=\"wp-image-99\" srcset=\"https:\/\/tier.com.pl\/wp-content\/uploads\/2026\/02\/muminki.webp 500w, https:\/\/tier.com.pl\/wp-content\/uploads\/2026\/02\/muminki-300x300.webp 300w, https:\/\/tier.com.pl\/wp-content\/uploads\/2026\/02\/muminki-150x150.webp 150w\" sizes=\"auto, (max-width: 500px) 100vw, 500px\" \/><\/figure>\n\n\n\n<figure class=\"wp-block-image size-large\"><img loading=\"lazy\" decoding=\"async\" width=\"500\" height=\"500\" data-id=\"100\" src=\"https:\/\/tier.com.pl\/wp-content\/uploads\/2026\/02\/mycelia.webp\" alt=\"\" class=\"wp-image-100\" srcset=\"https:\/\/tier.com.pl\/wp-content\/uploads\/2026\/02\/mycelia.webp 500w, https:\/\/tier.com.pl\/wp-content\/uploads\/2026\/02\/mycelia-300x300.webp 300w, https:\/\/tier.com.pl\/wp-content\/uploads\/2026\/02\/mycelia-150x150.webp 150w\" sizes=\"auto, (max-width: 500px) 100vw, 500px\" \/><\/figure>\n\n\n\n<figure class=\"wp-block-image size-large\"><img loading=\"lazy\" decoding=\"async\" width=\"500\" height=\"500\" data-id=\"101\" src=\"https:\/\/tier.com.pl\/wp-content\/uploads\/2026\/02\/slimaki.webp\" alt=\"\" class=\"wp-image-101\" srcset=\"https:\/\/tier.com.pl\/wp-content\/uploads\/2026\/02\/slimaki.webp 500w, https:\/\/tier.com.pl\/wp-content\/uploads\/2026\/02\/slimaki-300x300.webp 300w, https:\/\/tier.com.pl\/wp-content\/uploads\/2026\/02\/slimaki-150x150.webp 150w\" sizes=\"auto, (max-width: 500px) 100vw, 500px\" \/><\/figure>\n\n\n\n<figure class=\"wp-block-image size-large\"><img loading=\"lazy\" decoding=\"async\" width=\"500\" height=\"500\" data-id=\"102\" src=\"https:\/\/tier.com.pl\/wp-content\/uploads\/2026\/02\/star_wars.webp\" alt=\"\" class=\"wp-image-102\" srcset=\"https:\/\/tier.com.pl\/wp-content\/uploads\/2026\/02\/star_wars.webp 500w, https:\/\/tier.com.pl\/wp-content\/uploads\/2026\/02\/star_wars-300x300.webp 300w, https:\/\/tier.com.pl\/wp-content\/uploads\/2026\/02\/star_wars-150x150.webp 150w\" sizes=\"auto, (max-width: 500px) 100vw, 500px\" \/><\/figure>\n<\/figure>\n\n\n\n<h3 class=\"wp-block-heading\"><strong>Plakat do pobrania:<\/strong><\/h3>\n\n\n\n<figure class=\"wp-block-image aligncenter size-large\"><a href=\"https:\/\/tier.com.pl\/wp-content\/uploads\/2026\/02\/plakat.webp\"><img loading=\"lazy\" decoding=\"async\" width=\"724\" height=\"1024\" src=\"https:\/\/tier.com.pl\/wp-content\/uploads\/2026\/02\/plakat-724x1024.webp\" alt=\"\" class=\"wp-image-67\" srcset=\"https:\/\/tier.com.pl\/wp-content\/uploads\/2026\/02\/plakat-724x1024.webp 724w, https:\/\/tier.com.pl\/wp-content\/uploads\/2026\/02\/plakat-212x300.webp 212w, https:\/\/tier.com.pl\/wp-content\/uploads\/2026\/02\/plakat-768x1086.webp 768w, https:\/\/tier.com.pl\/wp-content\/uploads\/2026\/02\/plakat.webp 800w\" sizes=\"auto, (max-width: 724px) 100vw, 724px\" \/><\/a><\/figure>\n","protected":false},"excerpt":{"rendered":"<p>Witamy w naszej grupie graj\u0105cych w plansz\u00f3wki. Jest nas ju\u017c du\u017co ale czekamy jeszcze na Ciebie !!! W ka\u017cdy wtorek o godzinie 17.00 (za wyj\u0105tkiem \u015bwi\u0105t i dni wolnych od szko\u0142y np. ferie) spotykamy si\u0119 w szkole podstawowej nr 33 w Katowicach i gramy przez oko\u0142o 2 do 2,5 godziny. Mamy oczywi\u015bcie sw\u00f3j regulamin i [&hellip;]<\/p>\n","protected":false},"author":1,"featured_media":0,"parent":0,"menu_order":0,"comment_status":"closed","ping_status":"closed","template":"","meta":{"footnotes":""},"class_list":["post-19","page","type-page","status-publish","hentry"],"blocksy_meta":[],"_links":{"self":[{"href":"https:\/\/tier.com.pl\/index.php?rest_route=\/wp\/v2\/pages\/19","targetHints":{"allow":["GET"]}}],"collection":[{"href":"https:\/\/tier.com.pl\/index.php?rest_route=\/wp\/v2\/pages"}],"about":[{"href":"https:\/\/tier.com.pl\/index.php?rest_route=\/wp\/v2\/types\/page"}],"author":[{"embeddable":true,"href":"https:\/\/tier.com.pl\/index.php?rest_route=\/wp\/v2\/users\/1"}],"replies":[{"embeddable":true,"href":"https:\/\/tier.com.pl\/index.php?rest_route=%2Fwp%2Fv2%2Fcomments&post=19"}],"version-history":[{"count":19,"href":"https:\/\/tier.com.pl\/index.php?rest_route=\/wp\/v2\/pages\/19\/revisions"}],"predecessor-version":[{"id":212,"href":"https:\/\/tier.com.pl\/index.php?rest_route=\/wp\/v2\/pages\/19\/revisions\/212"}],"wp:attachment":[{"href":"https:\/\/tier.com.pl\/index.php?rest_route=%2Fwp%2Fv2%2Fmedia&parent=19"}],"curies":[{"name":"wp","href":"https:\/\/api.w.org\/{rel}","templated":true}]}}