{"id":138,"date":"2026-02-13T12:40:09","date_gmt":"2026-02-13T11:40:09","guid":{"rendered":"http:\/\/tier.com.pl\/?page_id=138"},"modified":"2026-02-13T18:20:25","modified_gmt":"2026-02-13T17:20:25","slug":"warsztaty-i-szkolenia","status":"publish","type":"page","link":"https:\/\/tier.com.pl\/?page_id=138","title":{"rendered":"Warsztaty i szkolenia"},"content":{"rendered":"\n<p>Prowadzimy warsztaty dla szk\u00f3\u0142 podstawowych i innych organizacji edukacyjnych.<br>Naszym celem jest propagowanie nowoczesnych technik nauczania w tym.<\/p>\n\n\n\n<ul class=\"wp-block-list\">\n<li><mark style=\"background-color:rgba(0, 0, 0, 0);color:#9b51e0\" class=\"has-inline-color\"><strong>Edukacja poprzez do\u015bwiadczenie,<\/strong><\/mark><br><em>Prowadzimy zaj\u0119cia gdzie ka\u017cde dziecko mo\u017ce w\u0142asnor\u0119cznie wykona\u0107 do\u015bwiadczenie lub zapozna\u0107 si\u0119 z danym zjawiskiem (od praktyki do teorii), to najlepszy spos\u00f3b do zapami\u0119tania zjawisk fizycznych i biologicznych bo przecie\u017c sami ich do\u015bwiadczamy.<\/em><\/li>\n\n\n\n<li><mark style=\"background-color:rgba(0, 0, 0, 0)\" class=\"has-inline-color has-palette-color-1-color\"><strong>Grywalizacja w edukacji,<\/strong><\/mark><br><em><em>Zabawa, kt\u00f3ry uczy to najlepszy spos\u00f3b na super zaanga\u017cowanie, wtedy okazuje si\u0119 \u017ce trudne tematy takie jak budowa kom\u00f3rki ro\u015blinnej czy programowanie a nawet zagadnie z fizyki okazuj\u0105 si\u0119 by\u0107 interesuj\u0105ce i rozwijaj\u0105ce. Prowadzimy zaj\u0119cia w taki spos\u00f3b by m\u0142odzie\u017c podchodzi\u0142a do nich jak do rozrywki a tym czasem otrzymywa\u0142a dawk\u0119 wiedzy i do\u015bwiadczenia.<\/em><\/em><\/li>\n\n\n\n<li><mark style=\"background-color:rgba(0, 0, 0, 0);color:#00d084\" class=\"has-inline-color\"><strong>Nowoczesne podej\u015bcie do ekologi,<\/strong><\/mark><br><em>Ekologia to dzisiaj nie tylko segregowanie odpad\u00f3w, to r\u00f3wnie\u017c rozs\u0105dkowe wykorzystanie \u017cywno\u015bci, ro\u015blin oraz surowc\u00f3w naturalnych w codziennym \u017cyciu (materia\u0142y odnawialne w druku 3d i codziennym posi\u0142ku),<\/em><\/li>\n\n\n\n<li><mark style=\"background-color:rgba(0, 0, 0, 0);color:#cf2e2e\" class=\"has-inline-color\"><strong>Po\u0142\u0105czenie element\u00f3w analogowych i cyfrowych w edukacji (hybrydowe rozwi\u0105zania),<\/strong><\/mark><br><em>Przy tak du\u017cej dawce nowoczesnej technologii i kolorowych ekran\u00f3w prowadzi do przebod\u017acowania i do wielu niekorzystnych efekt\u00f3w ubocznych u dzieci. W skrajnych okoliczno\u015bci nale\u017cy ca\u0142kowicie zrezygnowa\u0107 z cyfrowych narz\u0119dzie ale by temu zawczasu zapobiec propagujemy rozwi\u0105zanie hybrydowe, kt\u00f3re nadal korzystaj\u0105 z technologii ale skupiaj\u0105 uwag\u0119 dzieci na klasycznych \u0107wiczeniach analogowych.<\/em><\/li>\n\n\n\n<li><mark style=\"background-color:rgba(0, 0, 0, 0);color:#f78da7\" class=\"has-inline-color\"><strong>Zaradno\u015b\u0107 w \u017cyciu codziennym.<\/strong><\/mark><br><em>Jak wskazuj\u0105 badania dzieci bardzo cz\u0119sto maja problem z adaptacja do doros\u0142ego \u017cycia, chcemy im w tym pom\u00f3c ucz\u0105c praktycznych rozwi\u0105za\u0144 i nawyk\u00f3w takich jak przygotowanie pysznego posi\u0142ku, planowanie w\u0142asnych wydatk\u00f3w, zdyscyplinowane planowanie swoich codziennych wyzwa\u0144. <\/em><\/li>\n<\/ul>\n\n\n\n<figure class=\"wp-block-gallery has-nested-images columns-default is-cropped wp-block-gallery-1 is-layout-flex wp-block-gallery-is-layout-flex\">\n<figure class=\"wp-block-image size-large\"><img loading=\"lazy\" decoding=\"async\" width=\"693\" height=\"1023\" data-id=\"149\" src=\"https:\/\/tier.com.pl\/wp-content\/uploads\/2026\/02\/warsztay_ukladanie-roslin-1.webp\" alt=\"\" class=\"wp-image-149\" srcset=\"https:\/\/tier.com.pl\/wp-content\/uploads\/2026\/02\/warsztay_ukladanie-roslin-1.webp 693w, https:\/\/tier.com.pl\/wp-content\/uploads\/2026\/02\/warsztay_ukladanie-roslin-1-203x300.webp 203w\" sizes=\"auto, (max-width: 693px) 100vw, 693px\" \/><\/figure>\n\n\n\n<figure class=\"wp-block-image size-full\"><img loading=\"lazy\" decoding=\"async\" width=\"817\" height=\"1200\" data-id=\"152\" src=\"https:\/\/tier.com.pl\/wp-content\/uploads\/2026\/02\/celulusa.webp\" alt=\"\" class=\"wp-image-152\" srcset=\"https:\/\/tier.com.pl\/wp-content\/uploads\/2026\/02\/celulusa.webp 817w, https:\/\/tier.com.pl\/wp-content\/uploads\/2026\/02\/celulusa-204x300.webp 204w, https:\/\/tier.com.pl\/wp-content\/uploads\/2026\/02\/celulusa-697x1024.webp 697w, https:\/\/tier.com.pl\/wp-content\/uploads\/2026\/02\/celulusa-768x1128.webp 768w\" sizes=\"auto, (max-width: 817px) 100vw, 817px\" \/><\/figure>\n\n\n\n<figure class=\"wp-block-image size-large\"><img loading=\"lazy\" decoding=\"async\" width=\"696\" height=\"1024\" data-id=\"148\" src=\"https:\/\/tier.com.pl\/wp-content\/uploads\/2026\/02\/warsztay_gry_planszowe-1.webp\" alt=\"\" class=\"wp-image-148\" srcset=\"https:\/\/tier.com.pl\/wp-content\/uploads\/2026\/02\/warsztay_gry_planszowe-1.webp 696w, https:\/\/tier.com.pl\/wp-content\/uploads\/2026\/02\/warsztay_gry_planszowe-1-204x300.webp 204w\" sizes=\"auto, (max-width: 696px) 100vw, 696px\" \/><\/figure>\n<\/figure>\n\n\n\n<div class=\"wp-block-columns is-layout-flex wp-container-core-columns-is-layout-28f84493 wp-block-columns-is-layout-flex\">\n<div class=\"wp-block-column is-layout-flow wp-block-column-is-layout-flow\">\n<figure class=\"wp-block-video\"><video height=\"1920\" style=\"aspect-ratio: 1080 \/ 1920;\" width=\"1080\" controls poster=\"https:\/\/tier.com.pl\/wp-content\/uploads\/2026\/02\/video_TIER-frame-at-0m0s.jpg\" src=\"https:\/\/tier.com.pl\/wp-content\/uploads\/2026\/02\/video_TIER.mp4\"><\/video><\/figure>\n<\/div>\n\n\n\n<div class=\"wp-block-column is-layout-flow wp-block-column-is-layout-flow\">\n<figure class=\"wp-block-video\"><video height=\"1920\" style=\"aspect-ratio: 1080 \/ 1920;\" width=\"1080\" controls poster=\"https:\/\/tier.com.pl\/wp-content\/uploads\/2026\/02\/nauka_przez_doswiadczenie-frame-at-0m4s.jpg\" src=\"https:\/\/tier.com.pl\/wp-content\/uploads\/2026\/02\/nauka_przez_doswiadczenie.mp4\"><\/video><\/figure>\n<\/div>\n\n\n\n<div class=\"wp-block-column is-layout-flow wp-block-column-is-layout-flow\">\n<figure class=\"wp-block-video\"><video height=\"1920\" style=\"aspect-ratio: 1080 \/ 1920;\" width=\"1080\" controls poster=\"https:\/\/tier.com.pl\/wp-content\/uploads\/2026\/02\/warsztay_z_programowanie-frame-at-0m3s.jpg\" src=\"https:\/\/tier.com.pl\/wp-content\/uploads\/2026\/02\/warsztay_z_programowanie.mp4\"><\/video><\/figure>\n<\/div>\n<\/div>\n","protected":false},"excerpt":{"rendered":"<p>Prowadzimy warsztaty dla szk\u00f3\u0142 podstawowych i innych organizacji edukacyjnych.Naszym celem jest propagowanie nowoczesnych technik nauczania w tym.<\/p>\n","protected":false},"author":1,"featured_media":0,"parent":0,"menu_order":0,"comment_status":"closed","ping_status":"closed","template":"","meta":{"footnotes":""},"class_list":["post-138","page","type-page","status-publish","hentry"],"blocksy_meta":[],"_links":{"self":[{"href":"https:\/\/tier.com.pl\/index.php?rest_route=\/wp\/v2\/pages\/138","targetHints":{"allow":["GET"]}}],"collection":[{"href":"https:\/\/tier.com.pl\/index.php?rest_route=\/wp\/v2\/pages"}],"about":[{"href":"https:\/\/tier.com.pl\/index.php?rest_route=\/wp\/v2\/types\/page"}],"author":[{"embeddable":true,"href":"https:\/\/tier.com.pl\/index.php?rest_route=\/wp\/v2\/users\/1"}],"replies":[{"embeddable":true,"href":"https:\/\/tier.com.pl\/index.php?rest_route=%2Fwp%2Fv2%2Fcomments&post=138"}],"version-history":[{"count":11,"href":"https:\/\/tier.com.pl\/index.php?rest_route=\/wp\/v2\/pages\/138\/revisions"}],"predecessor-version":[{"id":241,"href":"https:\/\/tier.com.pl\/index.php?rest_route=\/wp\/v2\/pages\/138\/revisions\/241"}],"wp:attachment":[{"href":"https:\/\/tier.com.pl\/index.php?rest_route=%2Fwp%2Fv2%2Fmedia&parent=138"}],"curies":[{"name":"wp","href":"https:\/\/api.w.org\/{rel}","templated":true}]}}